{"id":10,"date":"2026-03-05T12:48:09","date_gmt":"2026-03-05T12:48:09","guid":{"rendered":"https:\/\/youandcoaching.hu\/?page_id=10"},"modified":"2026-03-09T09:22:38","modified_gmt":"2026-03-09T09:22:38","slug":"fooldal","status":"publish","type":"page","link":"https:\/\/youandcoaching.hu\/","title":{"rendered":"F\u0151oldal"},"content":{"rendered":"\t\t<div data-elementor-type=\"wp-page\" data-elementor-id=\"10\" class=\"elementor elementor-10\">\n\t\t\t\t<div class=\"elementor-element elementor-element-8d9ba98 e-flex e-con-boxed e-con e-parent\" data-id=\"8d9ba98\" data-element_type=\"container\" data-e-type=\"container\" data-settings=\"{&quot;background_background&quot;:&quot;classic&quot;}\">\n\t\t\t\t\t<div class=\"e-con-inner\">\n\t\t\t\t<div class=\"elementor-element elementor-element-47509ca elementor-widget elementor-widget-image\" data-id=\"47509ca\" data-element_type=\"widget\" data-e-type=\"widget\" data-widget_type=\"image.default\">\n\t\t\t\t\t\t\t\t\t\t\t\t\t\t\t<img decoding=\"async\" width=\"150\" height=\"150\" src=\"https:\/\/youandcoaching.hu\/wp-content\/uploads\/2026\/03\/Logo-500x500-px-3-150x150.jpeg\" class=\"attachment-thumbnail size-thumbnail wp-image-17\" alt=\"\" srcset=\"https:\/\/youandcoaching.hu\/wp-content\/uploads\/2026\/03\/Logo-500x500-px-3-150x150.jpeg 150w, https:\/\/youandcoaching.hu\/wp-content\/uploads\/2026\/03\/Logo-500x500-px-3-300x300.jpeg 300w, https:\/\/youandcoaching.hu\/wp-content\/uploads\/2026\/03\/Logo-500x500-px-3.jpeg 500w\" sizes=\"(max-width: 150px) 100vw, 150px\" \/>\t\t\t\t\t\t\t\t\t\t\t\t\t\t\t<\/div>\n\t\t\t\t<div class=\"elementor-element elementor-element-2fb9670 elementor-widget elementor-widget-heading\" data-id=\"2fb9670\" data-element_type=\"widget\" data-e-type=\"widget\" data-widget_type=\"heading.default\">\n\t\t\t\t\t<h1 class=\"elementor-heading-title elementor-size-default\">Vannak id\u0151szakok, amikor nem tan\u00e1csra van sz\u00fcks\u00e9g\u00fcnk, hanem tiszta gondolkod\u00e1sra.<\/h1>\t\t\t\t<\/div>\n\t\t\t\t\t<\/div>\n\t\t\t\t<\/div>\n\t\t<div class=\"elementor-element elementor-element-d6cae49 e-con-full e-flex e-con e-parent\" data-id=\"d6cae49\" data-element_type=\"container\" data-e-type=\"container\" data-settings=\"{&quot;background_background&quot;:&quot;classic&quot;}\">\n\t\t<div class=\"elementor-element elementor-element-80b0e97 e-con-full e-flex e-con e-child\" data-id=\"80b0e97\" data-element_type=\"container\" data-e-type=\"container\" data-settings=\"{&quot;background_background&quot;:&quot;classic&quot;}\">\n\t\t\t\t<div class=\"elementor-element elementor-element-e47ef99 elementor-hidden-desktop elementor-hidden-tablet elementor-widget elementor-widget-image\" data-id=\"e47ef99\" data-element_type=\"widget\" data-e-type=\"widget\" data-widget_type=\"image.default\">\n\t\t\t\t\t\t\t\t\t\t\t\t\t\t\t<img fetchpriority=\"high\" decoding=\"async\" width=\"648\" height=\"800\" src=\"https:\/\/youandcoaching.hu\/wp-content\/uploads\/2026\/03\/t_web.jpg\" class=\"attachment-large size-large wp-image-41\" alt=\"\" srcset=\"https:\/\/youandcoaching.hu\/wp-content\/uploads\/2026\/03\/t_web.jpg 648w, https:\/\/youandcoaching.hu\/wp-content\/uploads\/2026\/03\/t_web-243x300.jpg 243w\" sizes=\"(max-width: 648px) 100vw, 648px\" \/>\t\t\t\t\t\t\t\t\t\t\t\t\t\t\t<\/div>\n\t\t\t\t<div class=\"elementor-element elementor-element-654f54c elementor-widget elementor-widget-text-editor\" data-id=\"654f54c\" data-element_type=\"widget\" data-e-type=\"widget\" data-widget_type=\"text-editor.default\">\n\t\t\t\t\t\t\t\t\t<p>Az \u00e9letem k\u00fcl\u00f6nb\u00f6z\u0151 ter\u00fcleteir\u0151l \u00e9rkezem a coachingba.<br \/>Oktat\u00e1s, eg\u00e9szs\u00e9g\u00fcgy, szoci\u00e1lis szf\u00e9ra \u2013 mindegyik k\u00f6z\u00f6s pontja az ember.<\/p><p>Dolgoztam kisebb \u00e9s nagyobb l\u00e9tsz\u00e1m\u00fa, elt\u00e9r\u0151 \u00e9letkor\u00fa csoportokkal. Vezettem folyamatokat, k\u00f6z\u00f6ss\u00e9geket, egy\u00e9ni helyzeteket. L\u00e1ttam elindul\u00e1sokat, elakad\u00e1sokat, \u00fajratervez\u00e9seket. Ezek a tapasztalatok nem c\u00edmk\u00e9k, hanem r\u00e1l\u00e1t\u00e1s: arra, hogyan m\u0171k\u00f6d\u00fcnk d\u00f6nt\u00e9si helyzetekben, v\u00e1ltoz\u00e1sban, bizonytalans\u00e1gban.<\/p><p>Sz\u00e1momra a coaching objekt\u00edv, jelenorient\u00e1lt gondolkod\u00e1s.<br \/>Egy olyan t\u00e9r, ahol a kliens korl\u00e1tok n\u00e9lk\u00fcl tud r\u00e1n\u00e9zni a saj\u00e1t helyzeteire. Ahol a k\u00e9rd\u00e9sek nem sz\u0171k\u00edtenek, hanem tiszt\u00edtanak. Ahol a t\u00e9m\u00e1k m\u00f6g\u00f6tt megmutatkoz\u00f3 val\u00f3di k\u00e9rd\u00e9sek kimondhat\u00f3v\u00e1 v\u00e1lnak.<\/p><p>Amikor a helyzet \u00e9rthet\u0151v\u00e9 v\u00e1lik, a k\u00f6vetkez\u0151 l\u00e9p\u00e9s is azz\u00e1 v\u00e1lik.<br \/>Meg\u00e9rthet\u0151. Megl\u00e9phet\u0151. Meg\u00e9lhet\u0151.<\/p><p>Nem ir\u00e1nyt adok.<br \/>Teret tartok.<\/p><p>A d\u00f6nt\u00e9sek minden esetben n\u00e1lad maradnak.<\/p><p>Laty\u00e1k Tam\u00e1s<br \/>Y&amp; &#8211; This is your way.<\/p>\t\t\t\t\t\t\t\t<\/div>\n\t\t\t\t<\/div>\n\t\t\t\t<\/div>\n\t\t<div class=\"elementor-element elementor-element-57362fc e-flex e-con-boxed e-con e-parent\" data-id=\"57362fc\" data-element_type=\"container\" data-e-type=\"container\" data-settings=\"{&quot;background_background&quot;:&quot;classic&quot;}\">\n\t\t\t\t\t<div class=\"e-con-inner\">\n\t\t\t\t<div class=\"elementor-element elementor-element-a52fea8 elementor-widget elementor-widget-heading\" data-id=\"a52fea8\" data-element_type=\"widget\" data-e-type=\"widget\" data-widget_type=\"heading.default\">\n\t\t\t\t\t<h2 class=\"elementor-heading-title elementor-size-default\">A Y&amp; coaching partneri t\u00e9r<\/h2>\t\t\t\t<\/div>\n\t\t\t\t<div class=\"elementor-element elementor-element-5356ca2 elementor-widget elementor-widget-text-editor\" data-id=\"5356ca2\" data-element_type=\"widget\" data-e-type=\"widget\" data-widget_type=\"text-editor.default\">\n\t\t\t\t\t\t\t\t\t<p>Nyugodt, megtart\u00f3, f\u00f3kusz\u00e1lt besz\u00e9lget\u00e9sek azoknak,<br \/>akik tiszt\u00e1bban szeretn\u00e9nek l\u00e1tni \u2014 d\u00f6nt\u00e9seikben, ir\u00e1nyaikban, \u00f6nmagukban.<\/p>\t\t\t\t\t\t\t\t<\/div>\n\t\t\t\t<div class=\"elementor-element elementor-element-1780227 elementor-widget elementor-widget-text-editor\" data-id=\"1780227\" data-element_type=\"widget\" data-e-type=\"widget\" data-widget_type=\"text-editor.default\">\n\t\t\t\t\t\t\t\t\t<p><em>&#8222;Nem megmondom, mit tegy\u00e9l. Seg\u00edtek, hogy l\u00e1sd, merre akarsz menni.&#8221;<\/em><\/p>\t\t\t\t\t\t\t\t<\/div>\n\t\t\t\t<div class=\"elementor-element elementor-element-779bfd3 elementor-align-right elementor-mobile-align-justify elementor-widget elementor-widget-button\" data-id=\"779bfd3\" data-element_type=\"widget\" data-e-type=\"widget\" data-widget_type=\"button.default\">\n\t\t\t\t\t\t\t\t\t\t<a class=\"elementor-button elementor-button-link elementor-size-sm\" href=\"https:\/\/youandcoaching.onlinefoglalas.hu\/\" target=\"_blank\">\n\t\t\t\t\t\t<span class=\"elementor-button-content-wrapper\">\n\t\t\t\t\t\t\t\t\t<span class=\"elementor-button-text\">Online id\u0151pontfoglal\u00e1s<\/span>\n\t\t\t\t\t<\/span>\n\t\t\t\t\t<\/a>\n\t\t\t\t\t\t\t\t<\/div>\n\t\t\t\t\t<\/div>\n\t\t\t\t<\/div>\n\t\t<div class=\"elementor-element elementor-element-3dcb474 e-flex e-con-boxed e-con e-parent\" data-id=\"3dcb474\" data-element_type=\"container\" data-e-type=\"container\" data-settings=\"{&quot;background_background&quot;:&quot;classic&quot;}\">\n\t\t\t\t\t<div class=\"e-con-inner\">\n\t\t\t\t<div class=\"elementor-element elementor-element-b24fb3e elementor-widget elementor-widget-image\" data-id=\"b24fb3e\" data-element_type=\"widget\" data-e-type=\"widget\" data-widget_type=\"image.default\">\n\t\t\t\t\t\t\t\t\t\t\t\t\t\t\t<img decoding=\"async\" width=\"794\" height=\"408\" src=\"https:\/\/youandcoaching.hu\/wp-content\/uploads\/2026\/03\/yand_light.png\" class=\"attachment-large size-large wp-image-65\" alt=\"\" srcset=\"https:\/\/youandcoaching.hu\/wp-content\/uploads\/2026\/03\/yand_light.png 794w, https:\/\/youandcoaching.hu\/wp-content\/uploads\/2026\/03\/yand_light-300x154.png 300w, https:\/\/youandcoaching.hu\/wp-content\/uploads\/2026\/03\/yand_light-768x395.png 768w\" sizes=\"(max-width: 794px) 100vw, 794px\" \/>\t\t\t\t\t\t\t\t\t\t\t\t\t\t\t<\/div>\n\t\t\t\t<div class=\"elementor-element elementor-element-b31de14 elementor-align-end elementor-mobile-align-center elementor-icon-list--layout-traditional elementor-list-item-link-full_width elementor-widget elementor-widget-icon-list\" data-id=\"b31de14\" data-element_type=\"widget\" data-e-type=\"widget\" data-widget_type=\"icon-list.default\">\n\t\t\t\t\t\t\t<ul class=\"elementor-icon-list-items\">\n\t\t\t\t\t\t\t<li class=\"elementor-icon-list-item\">\n\t\t\t\t\t\t\t\t\t\t<span class=\"elementor-icon-list-text\">El\u00e9rhet\u0151s\u00e9gek<\/span>\n\t\t\t\t\t\t\t\t\t<\/li>\n\t\t\t\t\t\t\t\t<li class=\"elementor-icon-list-item\">\n\t\t\t\t\t\t\t\t\t\t\t<a href=\"mailto:contact@youandcoaching.hu\">\n\n\t\t\t\t\t\t\t\t\t\t\t<span class=\"elementor-icon-list-text\">contact@youandcoaching.hu<\/span>\n\t\t\t\t\t\t\t\t\t\t\t<\/a>\n\t\t\t\t\t\t\t\t\t<\/li>\n\t\t\t\t\t\t\t\t<li class=\"elementor-icon-list-item\">\n\t\t\t\t\t\t\t\t\t\t\t<a href=\"tel:+36205278744\">\n\n\t\t\t\t\t\t\t\t\t\t\t<span class=\"elementor-icon-list-text\">+36 20 527 8744<\/span>\n\t\t\t\t\t\t\t\t\t\t\t<\/a>\n\t\t\t\t\t\t\t\t\t<\/li>\n\t\t\t\t\t\t<\/ul>\n\t\t\t\t\t\t<\/div>\n\t\t\t\t\t<\/div>\n\t\t\t\t<\/div>\n\t\t\t\t<\/div>\n\t\t","protected":false},"excerpt":{"rendered":"<p>Vannak id\u0151szakok, amikor nem tan\u00e1csra van sz\u00fcks\u00e9g\u00fcnk, hanem tiszta gondolkod\u00e1sra. Az \u00e9letem k\u00fcl\u00f6nb\u00f6z\u0151 ter\u00fcleteir\u0151l \u00e9rkezem a coachingba.Oktat\u00e1s, eg\u00e9szs\u00e9g\u00fcgy, szoci\u00e1lis szf\u00e9ra \u2013 mindegyik k\u00f6z\u00f6s pontja az ember. Dolgoztam kisebb \u00e9s nagyobb l\u00e9tsz\u00e1m\u00fa, elt\u00e9r\u0151 \u00e9letkor\u00fa csoportokkal. Vezettem folyamatokat, k\u00f6z\u00f6ss\u00e9geket, egy\u00e9ni helyzeteket. L\u00e1ttam elindul\u00e1sokat, elakad\u00e1sokat, \u00fajratervez\u00e9seket. Ezek a tapasztalatok nem c\u00edmk\u00e9k, hanem r\u00e1l\u00e1t\u00e1s: arra, hogyan m\u0171k\u00f6d\u00fcnk d\u00f6nt\u00e9si helyzetekben, [&hellip;]<\/p>\n","protected":false},"author":1,"featured_media":0,"parent":0,"menu_order":0,"comment_status":"closed","ping_status":"closed","template":"","meta":{"footnotes":""},"class_list":["post-10","page","type-page","status-publish","hentry"],"_links":{"self":[{"href":"https:\/\/youandcoaching.hu\/index.php\/wp-json\/wp\/v2\/pages\/10","targetHints":{"allow":["GET"]}}],"collection":[{"href":"https:\/\/youandcoaching.hu\/index.php\/wp-json\/wp\/v2\/pages"}],"about":[{"href":"https:\/\/youandcoaching.hu\/index.php\/wp-json\/wp\/v2\/types\/page"}],"author":[{"embeddable":true,"href":"https:\/\/youandcoaching.hu\/index.php\/wp-json\/wp\/v2\/users\/1"}],"replies":[{"embeddable":true,"href":"https:\/\/youandcoaching.hu\/index.php\/wp-json\/wp\/v2\/comments?post=10"}],"version-history":[{"count":43,"href":"https:\/\/youandcoaching.hu\/index.php\/wp-json\/wp\/v2\/pages\/10\/revisions"}],"predecessor-version":[{"id":69,"href":"https:\/\/youandcoaching.hu\/index.php\/wp-json\/wp\/v2\/pages\/10\/revisions\/69"}],"wp:attachment":[{"href":"https:\/\/youandcoaching.hu\/index.php\/wp-json\/wp\/v2\/media?parent=10"}],"curies":[{"name":"wp","href":"https:\/\/api.w.org\/{rel}","templated":true}]}}